{"id":922,"date":"2023-02-09T05:33:34","date_gmt":"2023-02-08T23:33:34","guid":{"rendered":"https:\/\/www.ngbv.mx\/?page_id=922"},"modified":"2025-11-11T00:15:07","modified_gmt":"2025-11-10T18:15:07","slug":"planificacion-integrada-empresarial","status":"publish","type":"page","link":"https:\/\/www.ngbv.mx\/index.php\/planificacion-integrada-empresarial\/","title":{"rendered":"Planificaci\u00f3n Integrada Empresarial"},"content":{"rendered":"<p>[et_pb_section fb_built=\u00bb1&#8243; admin_label=\u00bbHeader\u00bb _builder_version=\u00bb4.27.4&#8243; _module_preset=\u00bbdefault\u00bb background_color=\u00bb#011d59&#8243; min_height=\u00bb260px\u00bb height=\u00bb260px\u00bb max_height=\u00bb260px\u00bb animation_direction=\u00bbtop\u00bb collapsed=\u00bboff\u00bb global_colors_info=\u00bb{}\u00bb][et_pb_row column_structure=\u00bb1_5,1_5,3_5&#8243; make_equal=\u00bbon\u00bb admin_label=\u00bbfheader\u00bb _builder_version=\u00bb4.27.4&#8243; _module_preset=\u00bbdefault\u00bb global_colors_info=\u00bb{}\u00bb][et_pb_column type=\u00bb1_5&#8243; _builder_version=\u00bb4.27.4&#8243; _module_preset=\u00bbdefault\u00bb global_colors_info=\u00bb{}\u00bb][\/et_pb_column][et_pb_column type=\u00bb1_5&#8243; _builder_version=\u00bb4.27.4&#8243; _module_preset=\u00bbdefault\u00bb global_colors_info=\u00bb{}\u00bb][et_pb_image src=\u00bbhttps:\/\/www.ngbv.mx\/wp-content\/uploads\/2025\/02\/jedox-logo-white-128&#215;64-1.png\u00bb align=\u00bbcenter\u00bb admin_label=\u00bbimgLogo\u00bb _builder_version=\u00bb4.27.4&#8243; _module_preset=\u00bbdefault\u00bb transform_scale=\u00bb140%|140%\u00bb custom_margin=\u00bb30px||||false|false\u00bb global_colors_info=\u00bb{}\u00bb][\/et_pb_image][\/et_pb_column][et_pb_column type=\u00bb3_5&#8243; _builder_version=\u00bb4.27.4&#8243; _module_preset=\u00bbdefault\u00bb global_colors_info=\u00bb{}\u00bb][et_pb_text admin_label=\u00bbtxtHeader\u00bb _builder_version=\u00bb4.27.4&#8243; _module_preset=\u00bbdefault\u00bb text_font=\u00bbPoppins|900|||||||\u00bb text_text_color=\u00bb#FFFFFF\u00bb text_font_size=\u00bb30px\u00bb text_orientation=\u00bbcenter\u00bb background_layout=\u00bbdark\u00bb custom_margin=\u00bb40px||||false|false\u00bb custom_padding=\u00bb||||false|false\u00bb global_colors_info=\u00bb{}\u00bb]<\/p>\n<p>Planificaci\u00f3n Integrada Empresarial<\/p>\n<p>[\/et_pb_text][\/et_pb_column][\/et_pb_row][\/et_pb_section][et_pb_section fb_built=\u00bb1&#8243; admin_label=\u00bbSubheader\u00bb _builder_version=\u00bb4.27.4&#8243; _module_preset=\u00bbdefault\u00bb background_color=\u00bb#FFFFFF\u00bb top_divider_color=\u00bb#011d59&#8243; top_divider_flip=\u00bbvertical\u00bb bottom_divider_color=\u00bb#011d59&#8243; collapsed=\u00bbon\u00bb global_colors_info=\u00bb{}\u00bb][et_pb_row column_structure=\u00bb1_2,1_2&#8243; admin_label=\u00bbEXPECTATIVAS\u00bb _builder_version=\u00bb4.27.4&#8243; _module_preset=\u00bbdefault\u00bb animation_direction=\u00bbtop\u00bb collapsed=\u00bbon\u00bb global_colors_info=\u00bb{}\u00bb][et_pb_column type=\u00bb1_2&#8243; _builder_version=\u00bb4.20.0&#8243; _module_preset=\u00bbdefault\u00bb global_colors_info=\u00bb{}\u00bb][et_pb_text _builder_version=\u00bb4.20.0&#8243; _module_preset=\u00bbdefault\u00bb text_font=\u00bbPoppins|600|||||||\u00bb text_text_color=\u00bb#000000&#8243; text_font_size=\u00bb30px\u00bb text_orientation=\u00bbcenter\u00bb custom_margin=\u00bb120px||||false|false\u00bb global_colors_info=\u00bb{}\u00bb]<\/p>\n<p>Supere las expectativas con una planificaci\u00f3n integral<\/p>\n<p>[\/et_pb_text][\/et_pb_column][et_pb_column type=\u00bb1_2&#8243; _builder_version=\u00bb4.20.0&#8243; _module_preset=\u00bbdefault\u00bb global_colors_info=\u00bb{}\u00bb][et_pb_text _builder_version=\u00bb4.20.0&#8243; _module_preset=\u00bbdefault\u00bb text_font=\u00bbPoppins|500|||||||\u00bb text_text_color=\u00bb#6B6B6B\u00bb text_font_size=\u00bb16px\u00bb text_orientation=\u00bbjustified\u00bb global_colors_info=\u00bb{}\u00bb]<\/p>\n<p>La planificaci\u00f3n es el eje del \u00e9xito empresarial futuro. Los datos reales, junto con la din\u00e1mica interna y externa de las funciones, son fundamentales para las previsiones que definen los objetivos estrat\u00e9gicos. Sin embargo, recopilar informaci\u00f3n diversa en un solo sistema de planificaci\u00f3n comercial es un desaf\u00edo.<\/p>\n<p>Jedox automatiza la recopilaci\u00f3n de datos e integra la informaci\u00f3n en una plataforma de planificaci\u00f3n central, coherente y actualizada. Guiados por planes integrales multifuncionales, los equipos pueden reaccionar en tiempo real a los cambios, planificar oportunidades y descubrir nuevas posibilidades.<\/p>\n<p>[\/et_pb_text][\/et_pb_column][\/et_pb_row][et_pb_row column_structure=\u00bb1_2,1_2&#8243; admin_label=\u00bbOportuna\u00bb _builder_version=\u00bb4.27.4&#8243; _module_preset=\u00bbdefault\u00bb width=\u00bb100%\u00bb animation_direction=\u00bbtop\u00bb collapsed=\u00bbon\u00bb global_colors_info=\u00bb{}\u00bb][et_pb_column type=\u00bb1_2&#8243; _builder_version=\u00bb4.20.0&#8243; _module_preset=\u00bbdefault\u00bb global_colors_info=\u00bb{}\u00bb][et_pb_image src=\u00bbhttps:\/\/www.ngbv.mx\/wp-content\/uploads\/2023\/02\/IBP2.png\u00bb _builder_version=\u00bb4.20.0&#8243; _module_preset=\u00bbdefault\u00bb width=\u00bb110%\u00bb module_alignment=\u00bbcenter\u00bb height=\u00bb380px\u00bb global_colors_info=\u00bb{}\u00bb][\/et_pb_image][\/et_pb_column][et_pb_column type=\u00bb1_2&#8243; _builder_version=\u00bb4.20.0&#8243; _module_preset=\u00bbdefault\u00bb global_colors_info=\u00bb{}\u00bb][et_pb_text _builder_version=\u00bb4.20.0&#8243; _module_preset=\u00bbdefault\u00bb text_font=\u00bbPoppins|600|||||||\u00bb text_text_color=\u00bb#000000&#8243; text_font_size=\u00bb26px\u00bb text_orientation=\u00bbcenter\u00bb custom_margin=\u00bb|30px|||false|false\u00bb custom_padding=\u00bb|30px|||false|false\u00bb global_colors_info=\u00bb{}\u00bb]<\/p>\n<p>Informaci\u00f3n oportuna para una mayor resiliencia<\/p>\n<p>[\/et_pb_text][et_pb_text _builder_version=\u00bb4.20.0&#8243; _module_preset=\u00bbdefault\u00bb text_font=\u00bbPoppins|500|||||||\u00bb text_text_color=\u00bb#6B6B6B\u00bb text_font_size=\u00bb16px\u00bb text_orientation=\u00bbjustified\u00bb custom_margin=\u00bb|30px|||false|false\u00bb custom_padding=\u00bb|30px|||false|false\u00bb global_colors_info=\u00bb{}\u00bb]<\/p>\n<p>Para alcanzar los objetivos estrat\u00e9gicos, la planificaci\u00f3n anual no es suficiente. Finanzas debe poder planificar y pronosticar continuamente para gestionar activamente los resultados comerciales. Las hojas de c\u00e1lculo y otros m\u00e9todos manuales de recopilaci\u00f3n de datos son demasiado lentos para permitir reacciones r\u00e1pidas a las desviaciones presupuestarias. A trav\u00e9s de la integraci\u00f3n experta en pr\u00e1cticamente todos los sistemas, Jedox simplifica la planificaci\u00f3n incluso para los entornos comerciales m\u00e1s complejos, de modo que los equipos puedan ajustar los planes y pivotar r\u00e1pidamente para una mayor resiliencia.<\/p>\n<p>[\/et_pb_text][\/et_pb_column][\/et_pb_row][et_pb_row column_structure=\u00bb1_2,1_2&#8243; admin_label=\u00bbInformesEstandares\u00bb _builder_version=\u00bb4.27.4&#8243; _module_preset=\u00bbdefault\u00bb animation_direction=\u00bbtop\u00bb collapsed=\u00bbon\u00bb global_colors_info=\u00bb{}\u00bb][et_pb_column type=\u00bb1_2&#8243; _builder_version=\u00bb4.20.0&#8243; _module_preset=\u00bbdefault\u00bb global_colors_info=\u00bb{}\u00bb][et_pb_text _builder_version=\u00bb4.20.0&#8243; _module_preset=\u00bbdefault\u00bb text_font=\u00bbPoppins|700|||||||\u00bb text_text_color=\u00bb#000000&#8243; text_font_size=\u00bb30px\u00bb text_orientation=\u00bbcenter\u00bb global_colors_info=\u00bb{}\u00bb]<\/p>\n<p>Informes que impulsan la claridad y cumplen con los est\u00e1ndares<\/p>\n<p>[\/et_pb_text][et_pb_text _builder_version=\u00bb4.20.0&#8243; _module_preset=\u00bbdefault\u00bb text_font=\u00bbPoppins|500|||||||\u00bb text_text_color=\u00bb#6B6B6B\u00bb text_font_size=\u00bb16px\u00bb text_orientation=\u00bbjustified\u00bb global_colors_info=\u00bb{}\u00bb]<\/p>\n<p>Para impulsar planes ilustrados y eficientes, los equipos necesitan informes que iluminen la informaci\u00f3n y que sean f\u00e1ciles de crear. Adem\u00e1s, se necesitan informes para cumplir con los est\u00e1ndares locales e internacionales, los requisitos de auditor\u00eda y las demandas de las partes interesadas.<\/p>\n<p>Ya sea para an\u00e1lisis detallados o res\u00famenes de alto nivel, las herramientas de generaci\u00f3n de informes automatizadas de Jedox ilustran a la perfecci\u00f3n los datos reales, planificados y previstos integrados de toda la organizaci\u00f3n, en pr\u00e1cticamente cualquier formato. Los equipos pueden trabajar directamente en Excel, Power BI o en la web para iluminar de manera eficiente los datos que impulsan la claridad y cumplen con los est\u00e1ndares comerciales.<\/p>\n<p>[\/et_pb_text][\/et_pb_column][et_pb_column type=\u00bb1_2&#8243; _builder_version=\u00bb4.20.0&#8243; _module_preset=\u00bbdefault\u00bb global_colors_info=\u00bb{}\u00bb][et_pb_image src=\u00bbhttps:\/\/www.ngbv.mx\/wp-content\/uploads\/2023\/02\/jedox7.png\u00bb title_text=\u00bbjedox7&#8243; _builder_version=\u00bb4.20.0&#8243; _module_preset=\u00bbdefault\u00bb width=\u00bb110%\u00bb module_alignment=\u00bbcenter\u00bb height=\u00bb360px\u00bb global_colors_info=\u00bb{}\u00bb][\/et_pb_image][\/et_pb_column][\/et_pb_row][et_pb_row admin_label=\u00bbColaborar\u00bb _builder_version=\u00bb4.27.4&#8243; _module_preset=\u00bbdefault\u00bb background_color=\u00bb#D6D6D6&#8243; width=\u00bb100%\u00bb animation_direction=\u00bbtop\u00bb collapsed=\u00bboff\u00bb global_colors_info=\u00bb{}\u00bb][et_pb_column type=\u00bb4_4&#8243; _builder_version=\u00bb4.20.0&#8243; _module_preset=\u00bbdefault\u00bb global_colors_info=\u00bb{}\u00bb][et_pb_text _builder_version=\u00bb4.20.0&#8243; _module_preset=\u00bbdefault\u00bb text_font=\u00bbPoppins|700|||||||\u00bb text_text_color=\u00bb#000000&#8243; text_font_size=\u00bb30px\u00bb text_orientation=\u00bbcenter\u00bb global_colors_info=\u00bb{}\u00bb]<\/p>\n<p>Colabore para impulsar decisiones, no para recopilar datos<\/p>\n<p>[\/et_pb_text][et_pb_image src=\u00bbhttps:\/\/www.ngbv.mx\/wp-content\/uploads\/2023\/02\/ibp3.png\u00bb title_text=\u00bbspm4&#8243; align=\u00bbcenter\u00bb _builder_version=\u00bb4.27.4&#8243; _module_preset=\u00bbdefault\u00bb transform_scale=\u00bb65%|65%\u00bb width=\u00bb110%\u00bb module_alignment=\u00bbcenter\u00bb height=\u00bb360px\u00bb global_colors_info=\u00bb{}\u00bb][\/et_pb_image][et_pb_text _builder_version=\u00bb4.20.0&#8243; _module_preset=\u00bbdefault\u00bb text_font=\u00bbPoppins|500|||||||\u00bb text_text_color=\u00bb#6B6B6B\u00bb text_font_size=\u00bb16px\u00bb text_orientation=\u00bbjustified\u00bb custom_margin=\u00bb|15px||15px|false|false\u00bb custom_padding=\u00bb|15px||15px|false|false\u00bb global_colors_info=\u00bb{}\u00bb]<\/p>\n<p>La recopilaci\u00f3n de datos de toda la organizaci\u00f3n puede ser ineficiente y propensa a errores, especialmente cuando la informaci\u00f3n vive en aplicaciones y bases de datos dispares. Jedox, que reemplaza los rastros de correo electr\u00f3nico aparentemente interminables de las hojas de c\u00e1lculo, recopila datos reales a trav\u00e9s de la entrada directa, a trav\u00e9s del flujo de trabajo o mediante la integraci\u00f3n automatizada, todo en una plataforma centralizada. Esto garantiza el acceso simult\u00e1neo en tiempo real a los datos m\u00e1s actuales y su efecto en el rendimiento general, fomentando la colaboraci\u00f3n en su m\u00e1xima expresi\u00f3n.<\/p>\n<p>[\/et_pb_text][\/et_pb_column][\/et_pb_row][et_pb_row column_structure=\u00bb1_2,1_2&#8243; admin_label=\u00bbFuenteVerdad\u00bb _builder_version=\u00bb4.27.4&#8243; _module_preset=\u00bbdefault\u00bb animation_direction=\u00bbtop\u00bb collapsed=\u00bbon\u00bb global_colors_info=\u00bb{}\u00bb][et_pb_column type=\u00bb1_2&#8243; _builder_version=\u00bb4.20.0&#8243; _module_preset=\u00bbdefault\u00bb global_colors_info=\u00bb{}\u00bb][et_pb_image src=\u00bbhttps:\/\/www.ngbv.mx\/wp-content\/uploads\/2023\/02\/ibpm4.png\u00bb _builder_version=\u00bb4.20.0&#8243; _module_preset=\u00bbdefault\u00bb width=\u00bb110%\u00bb module_alignment=\u00bbcenter\u00bb height=\u00bb360px\u00bb global_colors_info=\u00bb{}\u00bb][\/et_pb_image][\/et_pb_column][et_pb_column type=\u00bb1_2&#8243; _builder_version=\u00bb4.20.0&#8243; _module_preset=\u00bbdefault\u00bb global_colors_info=\u00bb{}\u00bb][et_pb_text _builder_version=\u00bb4.20.0&#8243; _module_preset=\u00bbdefault\u00bb text_font=\u00bbPoppins|700|||||||\u00bb text_text_color=\u00bb#000000&#8243; text_font_size=\u00bb30px\u00bb text_orientation=\u00bbcenter\u00bb global_colors_info=\u00bb{}\u00bb]<\/p>\n<p>Una \u00fanica fuente de verdad para una planificaci\u00f3n integral<\/p>\n<p>[\/et_pb_text][et_pb_text _builder_version=\u00bb4.20.0&#8243; _module_preset=\u00bbdefault\u00bb text_font=\u00bbPoppins|500|||||||\u00bb text_text_color=\u00bb#6B6B6B\u00bb text_font_size=\u00bb16px\u00bb text_orientation=\u00bbjustified\u00bb global_colors_info=\u00bb{}\u00bb]<\/p>\n<p>Integre datos financieros y operativos internos, as\u00ed como datos externos de una amplia variedad de fuentes en una \u00fanica fuente de verdad. Jedox fusiona autom\u00e1ticamente los datos de los servicios web, las API REST y muchos conectores preconstruidos (por ejemplo, para SAP, Qlik y Salesforce), desglosando los silos de datos y uni\u00e9ndolos en una plataforma central. Con la integraci\u00f3n y preparaci\u00f3n de datos automatizada, los expertos en finanzas tienen m\u00e1s tiempo para el an\u00e1lisis de valor agregado para obtener informaci\u00f3n oportuna y hacer recomendaciones basadas en datos basados \u200b\u200ben datos ampliamente obtenidos.<\/p>\n<p>[\/et_pb_text][\/et_pb_column][\/et_pb_row][et_pb_row column_structure=\u00bb1_2,1_2&#8243; admin_label=\u00bbIA\u00bb _builder_version=\u00bb4.27.4&#8243; _module_preset=\u00bbdefault\u00bb animation_direction=\u00bbtop\u00bb collapsed=\u00bbon\u00bb global_colors_info=\u00bb{}\u00bb][et_pb_column type=\u00bb1_2&#8243; _builder_version=\u00bb4.20.0&#8243; _module_preset=\u00bbdefault\u00bb global_colors_info=\u00bb{}\u00bb][et_pb_text _builder_version=\u00bb4.20.0&#8243; _module_preset=\u00bbdefault\u00bb text_font=\u00bbPoppins|700|||||||\u00bb text_text_color=\u00bb#000000&#8243; text_font_size=\u00bb30px\u00bb text_orientation=\u00bbcenter\u00bb global_colors_info=\u00bb{}\u00bb]<\/p>\n<p>Aproveche la IA para simplificar la preparaci\u00f3n de datos y automatizar los pron\u00f3sticos<\/p>\n<p>[\/et_pb_text][et_pb_text _builder_version=\u00bb4.20.0&#8243; _module_preset=\u00bbdefault\u00bb text_font=\u00bbPoppins|500|||||||\u00bb text_text_color=\u00bb#6B6B6B\u00bb text_font_size=\u00bb16px\u00bb text_orientation=\u00bbjustified\u00bb global_colors_info=\u00bb{}\u00bb]<\/p>\n<p>Los vol\u00famenes de datos disponibles para la planificaci\u00f3n y el an\u00e1lisis en una organizaci\u00f3n pueden ser insuperables, lo que genera desaf\u00edos para la planificaci\u00f3n basada en la informaci\u00f3n. Jedox AIssisted Planning\u2122 reconoce los datos que faltan, marca los valores at\u00edpicos y sugiere sustitutos para limpiar de manera eficiente grandes cantidades de datos de entrada, al mismo tiempo que automatiza los escenarios de pron\u00f3stico para simplificar la planificaci\u00f3n.<\/p>\n<p>[\/et_pb_text][\/et_pb_column][et_pb_column type=\u00bb1_2&#8243; _builder_version=\u00bb4.20.0&#8243; _module_preset=\u00bbdefault\u00bb global_colors_info=\u00bb{}\u00bb][et_pb_image src=\u00bbhttps:\/\/www.ngbv.mx\/wp-content\/uploads\/2023\/02\/ibpm5.png\u00bb title_text=\u00bbjedox7&#8243; _builder_version=\u00bb4.20.0&#8243; _module_preset=\u00bbdefault\u00bb width=\u00bb110%\u00bb module_alignment=\u00bbcenter\u00bb height=\u00bb360px\u00bb global_colors_info=\u00bb{}\u00bb][\/et_pb_image][\/et_pb_column][\/et_pb_row][\/et_pb_section][et_pb_section fb_built=\u00bb1&#8243; admin_label=\u00bbAgenda\u00bb _builder_version=\u00bb4.27.4&#8243; _module_preset=\u00bbdefault\u00bb background_color=\u00bb#FFFFFF\u00bb animation_direction=\u00bbtop\u00bb locked=\u00bboff\u00bb collapsed=\u00bboff\u00bb global_colors_info=\u00bb{}\u00bb][et_pb_row _builder_version=\u00bb4.27.4&#8243; _module_preset=\u00bbdefault\u00bb global_colors_info=\u00bb{}\u00bb][et_pb_column type=\u00bb4_4&#8243; _builder_version=\u00bb4.19.5&#8243; _module_preset=\u00bbdefault\u00bb global_colors_info=\u00bb{}\u00bb][et_pb_button button_url=\u00bb@ET-DC@eyJkeW5hbWljIjp0cnVlLCJjb250ZW50IjoicG9zdF9saW5rX3VybF9wYWdlIiwic2V0dGluZ3MiOnsicG9zdF9pZCI6IjEyMjM5In19@\u00bb button_text=\u00bbAgendar una presentaci\u00f3n\u00bb button_alignment=\u00bbleft\u00bb _builder_version=\u00bb4.27.4&#8243; _dynamic_attributes=\u00bbbutton_url\u00bb _module_preset=\u00bbdefault\u00bb custom_button=\u00bbon\u00bb button_text_color=\u00bb#FFFFFF\u00bb button_bg_color=\u00bb#0C71C3&#8243; button_border_width=\u00bb0px\u00bb button_border_radius=\u00bb25px\u00bb button_icon=\u00bb&#xf073;||fa||900&#8243; button_icon_color=\u00bb#FFFFFF\u00bb button_icon_placement=\u00bbleft\u00bb button_on_hover=\u00bboff\u00bb background_layout=\u00bbdark\u00bb global_colors_info=\u00bb{}\u00bb][\/et_pb_button][\/et_pb_column][\/et_pb_row][\/et_pb_section]<\/p>\n","protected":false},"excerpt":{"rendered":"<p>Planificaci\u00f3n Integrada EmpresarialSupere las expectativas con una planificaci\u00f3n integralLa planificaci\u00f3n es el eje del \u00e9xito empresarial futuro. Los datos reales, junto con la din\u00e1mica interna y externa de las funciones, son fundamentales para las previsiones que definen los objetivos estrat\u00e9gicos. Sin embargo, recopilar informaci\u00f3n diversa en un solo sistema de planificaci\u00f3n comercial es un desaf\u00edo. [&hellip;]<\/p>\n","protected":false},"author":1,"featured_media":0,"parent":0,"menu_order":0,"comment_status":"closed","ping_status":"closed","template":"","meta":{"_et_pb_use_builder":"on","_et_pb_old_content":"","_et_gb_content_width":"","footnotes":""},"class_list":["post-922","page","type-page","status-publish","hentry"],"jetpack_sharing_enabled":true,"_links":{"self":[{"href":"https:\/\/www.ngbv.mx\/index.php\/wp-json\/wp\/v2\/pages\/922","targetHints":{"allow":["GET"]}}],"collection":[{"href":"https:\/\/www.ngbv.mx\/index.php\/wp-json\/wp\/v2\/pages"}],"about":[{"href":"https:\/\/www.ngbv.mx\/index.php\/wp-json\/wp\/v2\/types\/page"}],"author":[{"embeddable":true,"href":"https:\/\/www.ngbv.mx\/index.php\/wp-json\/wp\/v2\/users\/1"}],"replies":[{"embeddable":true,"href":"https:\/\/www.ngbv.mx\/index.php\/wp-json\/wp\/v2\/comments?post=922"}],"version-history":[{"count":54,"href":"https:\/\/www.ngbv.mx\/index.php\/wp-json\/wp\/v2\/pages\/922\/revisions"}],"predecessor-version":[{"id":13796,"href":"https:\/\/www.ngbv.mx\/index.php\/wp-json\/wp\/v2\/pages\/922\/revisions\/13796"}],"wp:attachment":[{"href":"https:\/\/www.ngbv.mx\/index.php\/wp-json\/wp\/v2\/media?parent=922"}],"curies":[{"name":"wp","href":"https:\/\/api.w.org\/{rel}","templated":true}]}}