{"id":4526,"date":"2023-02-27T03:20:44","date_gmt":"2023-02-26T21:20:44","guid":{"rendered":"https:\/\/www.ngbv.mx\/?page_id=4526"},"modified":"2025-03-22T23:23:12","modified_gmt":"2025-03-22T17:23:12","slug":"contacto-consultoria","status":"publish","type":"page","link":"https:\/\/www.ngbv.mx\/index.php\/contacto-consultoria\/","title":{"rendered":"Basura Contacto Process Mining_ok"},"content":{"rendered":"<p>[et_pb_section fb_built=\u00bb1&#8243; admin_label=\u00bbContact Form\u00bb _builder_version=\u00bb4.25.0&#8243; _module_preset=\u00bbdefault\u00bb background_color=\u00bb#000000&#8243; module_alignment=\u00bbcenter\u00bb custom_padding=\u00bb0px||0px||false|false\u00bb saved_tabs=\u00bball\u00bb locked=\u00bboff\u00bb global_colors_info=\u00bb{}\u00bb][et_pb_row column_structure=\u00bb1_2,1_2&#8243; _builder_version=\u00bb4.25.0&#8243; _module_preset=\u00bbdefault\u00bb width=\u00bb100%\u00bb module_alignment=\u00bbcenter\u00bb custom_margin=\u00bb||||false|false\u00bb custom_padding=\u00bb||||false|false\u00bb global_colors_info=\u00bb{}\u00bb][et_pb_column type=\u00bb1_2&#8243; _builder_version=\u00bb4.25.0&#8243; _module_preset=\u00bbdefault\u00bb background_enable_color=\u00bboff\u00bb custom_padding=\u00bb150px||||false|false\u00bb custom_padding_tablet=\u00bb60px||||false|false\u00bb custom_padding_phone=\u00bb||||false|false\u00bb custom_padding_last_edited=\u00bbon|phone\u00bb global_colors_info=\u00bb{}\u00bb][et_pb_contact_form use_spam_service=\u00bbon\u00bb recaptcha_list=\u00bbNG BUSINESS VALUE|NG BUSINESS VALUE-0&#8243; recaptcha_min_score=\u00bb0.4&#8243; email=\u00bbinfo@ngbv.mx\u00bb title=\u00bbAgendar presentaci\u00f3n.\u00bb custom_message=\u00bbSolicitud de informaci\u00f3n Miner\u00eda de procesos||et_pb_line_break_holder||Empresa:||et_pb_line_break_holder||%%Empresa%%||et_pb_line_break_holder||Nombre:||et_pb_line_break_holder||%%Nombre%%||et_pb_line_break_holder||Tel\u00e9fono:||et_pb_line_break_holder||%%tel%%||et_pb_line_break_holder||e-mail:||et_pb_line_break_holder||%%Email%%||et_pb_line_break_holder||||et_pb_line_break_holder||\u00c1rea de Inter\u00e9s:%%Area%%||et_pb_line_break_holder||||et_pb_line_break_holder||Mensaje adicional:%%Message%%||et_pb_line_break_holder||||et_pb_line_break_holder||||et_pb_line_break_holder||||et_pb_line_break_holder||\u00bb success_message=\u00bbEnv\u00edo exitoso. Pronto nos pondremos en contacto\u00bb module_class=\u00bbcf_msg\u00bb _builder_version=\u00bb4.27.4&#8243; _module_preset=\u00bb4887c4ca-b556-4d68-8282-4de5bb2a0f5b\u00bb _unique_id=\u00bbaa6cf6df-65bb-48f9-9096-bb4d59fe5fd2&#8243; form_field_background_color=\u00bb#FFFFFF\u00bb form_field_text_color=\u00bb#000000&#8243; title_font=\u00bbPoppins|700|||||||\u00bb title_text_color=\u00bb#FFFFFF\u00bb title_font_size=\u00bb30px\u00bb captcha_font=\u00bbPoppins|700|||||||\u00bb captcha_text_color=\u00bb#FFFFFF\u00bb captcha_font_size=\u00bb18px\u00bb form_field_font=\u00bbPoppins|700|||||||\u00bb background_enable_color=\u00bboff\u00bb custom_button=\u00bbon\u00bb button_text_size=\u00bb14px\u00bb button_text_color=\u00bb#FFFFFF\u00bb button_bg_color=\u00bb#000000&#8243; button_border_width=\u00bb2px\u00bb button_border_color=\u00bb#FFFFFF\u00bb button_border_radius=\u00bb5px\u00bb button_font=\u00bbPoppins|700|||||||\u00bb button_use_icon=\u00bboff\u00bb button_custom_margin=\u00bb15px||15px||false|false\u00bb button_custom_padding=\u00bb|30px||30px|true|true\u00bb text_orientation=\u00bbleft\u00bb custom_margin=\u00bb-120px|10px||10px|false|false\u00bb custom_padding=\u00bb|10px||10px|false|false\u00bb custom_css_free_form=\u00bb.cf_msg .et-pb-contact-message, .cf_msg .et-pb-contact-message * {||font-size: 20px;||line-height: 35px;||color: #ffffff;||}||||||||||\u00bb border_radii=\u00bbon|15px|15px|15px|15px\u00bb locked=\u00bboff\u00bb global_colors_info=\u00bb{}\u00bb][et_pb_contact_field field_id=\u00bbNombre\u00bb field_title=\u00bbNombre\u00bb fullwidth_field=\u00bbon\u00bb _builder_version=\u00bb4.25.0&#8243; _module_preset=\u00bbdefault\u00bb global_colors_info=\u00bb{}\u00bb button_text_size__hover_enabled=\u00bboff\u00bb button_one_text_size__hover_enabled=\u00bboff\u00bb button_two_text_size__hover_enabled=\u00bboff\u00bb button_text_color__hover_enabled=\u00bboff\u00bb button_one_text_color__hover_enabled=\u00bboff\u00bb button_two_text_color__hover_enabled=\u00bboff\u00bb button_border_width__hover_enabled=\u00bboff\u00bb button_one_border_width__hover_enabled=\u00bboff\u00bb button_two_border_width__hover_enabled=\u00bboff\u00bb button_border_color__hover_enabled=\u00bboff\u00bb button_one_border_color__hover_enabled=\u00bboff\u00bb button_two_border_color__hover_enabled=\u00bboff\u00bb button_border_radius__hover_enabled=\u00bboff\u00bb button_one_border_radius__hover_enabled=\u00bboff\u00bb button_two_border_radius__hover_enabled=\u00bboff\u00bb button_letter_spacing__hover_enabled=\u00bboff\u00bb button_one_letter_spacing__hover_enabled=\u00bboff\u00bb button_two_letter_spacing__hover_enabled=\u00bboff\u00bb button_bg_color__hover_enabled=\u00bboff\u00bb button_one_bg_color__hover_enabled=\u00bboff\u00bb button_two_bg_color__hover_enabled=\u00bboff\u00bb][\/et_pb_contact_field][et_pb_contact_field field_id=\u00bbEmpresa\u00bb field_title=\u00bbEmpresa\u00bb fullwidth_field=\u00bbon\u00bb _builder_version=\u00bb4.25.0&#8243; _module_preset=\u00bbdefault\u00bb global_colors_info=\u00bb{}\u00bb][\/et_pb_contact_field][et_pb_contact_field field_id=\u00bbtel\u00bb field_title=\u00bbTel\u00e9fono\u00bb fullwidth_field=\u00bbon\u00bb _builder_version=\u00bb4.25.0&#8243; _module_preset=\u00bbdefault\u00bb global_colors_info=\u00bb{}\u00bb][\/et_pb_contact_field][et_pb_contact_field field_id=\u00bbEmail\u00bb field_title=\u00bbe-mail\u00bb field_type=\u00bbemail\u00bb fullwidth_field=\u00bbon\u00bb _builder_version=\u00bb4.25.0&#8243; _module_preset=\u00bbdefault\u00bb global_colors_info=\u00bb{}\u00bb button_text_size__hover_enabled=\u00bboff\u00bb button_one_text_size__hover_enabled=\u00bboff\u00bb button_two_text_size__hover_enabled=\u00bboff\u00bb button_text_color__hover_enabled=\u00bboff\u00bb button_one_text_color__hover_enabled=\u00bboff\u00bb button_two_text_color__hover_enabled=\u00bboff\u00bb button_border_width__hover_enabled=\u00bboff\u00bb button_one_border_width__hover_enabled=\u00bboff\u00bb button_two_border_width__hover_enabled=\u00bboff\u00bb button_border_color__hover_enabled=\u00bboff\u00bb button_one_border_color__hover_enabled=\u00bboff\u00bb button_two_border_color__hover_enabled=\u00bboff\u00bb button_border_radius__hover_enabled=\u00bboff\u00bb button_one_border_radius__hover_enabled=\u00bboff\u00bb button_two_border_radius__hover_enabled=\u00bboff\u00bb button_letter_spacing__hover_enabled=\u00bboff\u00bb button_one_letter_spacing__hover_enabled=\u00bboff\u00bb button_two_letter_spacing__hover_enabled=\u00bboff\u00bb button_bg_color__hover_enabled=\u00bboff\u00bb button_one_bg_color__hover_enabled=\u00bboff\u00bb button_two_bg_color__hover_enabled=\u00bboff\u00bb][\/et_pb_contact_field][et_pb_contact_field field_id=\u00bbArea\u00bb field_title=\u00bb\u00c1rea de inter\u00e9s\u00bb field_type=\u00bbselect\u00bb select_options=\u00bb%91{%22value%22:%22Control Interno%22,%22checked%22:0,%22dragID%22:-1},{%22value%22:%22An\u00e1lisis y Mejora%22,%22checked%22:0,%22dragID%22:0},{%22value%22:%22Gesti\u00f3n de Activos F\u00edsicos%22,%22checked%22:0,%22dragID%22:3},{%22value%22:%22Auditor\u00eda y Cumplimiento%22,%22checked%22:0,%22dragID%22:1},{%22value%22:%22Optimizaci\u00f3n de Capital de Trabajo%22,%22checked%22:0,%22dragID%22:2}%93&#8243; fullwidth_field=\u00bbon\u00bb _builder_version=\u00bb4.25.0&#8243; _module_preset=\u00bbdefault\u00bb global_colors_info=\u00bb{}\u00bb][\/et_pb_contact_field][et_pb_contact_field field_id=\u00bbMessage\u00bb field_title=\u00bbMensaje adicional\u00bb field_type=\u00bbtext\u00bb fullwidth_field=\u00bbon\u00bb _builder_version=\u00bb4.25.0&#8243; _module_preset=\u00bbdefault\u00bb global_colors_info=\u00bb{}\u00bb button_text_size__hover_enabled=\u00bboff\u00bb button_one_text_size__hover_enabled=\u00bboff\u00bb button_two_text_size__hover_enabled=\u00bboff\u00bb button_text_color__hover_enabled=\u00bboff\u00bb button_one_text_color__hover_enabled=\u00bboff\u00bb button_two_text_color__hover_enabled=\u00bboff\u00bb button_border_width__hover_enabled=\u00bboff\u00bb button_one_border_width__hover_enabled=\u00bboff\u00bb button_two_border_width__hover_enabled=\u00bboff\u00bb button_border_color__hover_enabled=\u00bboff\u00bb button_one_border_color__hover_enabled=\u00bboff\u00bb button_two_border_color__hover_enabled=\u00bboff\u00bb button_border_radius__hover_enabled=\u00bboff\u00bb button_one_border_radius__hover_enabled=\u00bboff\u00bb button_two_border_radius__hover_enabled=\u00bboff\u00bb button_letter_spacing__hover_enabled=\u00bboff\u00bb button_one_letter_spacing__hover_enabled=\u00bboff\u00bb button_two_letter_spacing__hover_enabled=\u00bboff\u00bb button_bg_color__hover_enabled=\u00bboff\u00bb button_one_bg_color__hover_enabled=\u00bboff\u00bb button_two_bg_color__hover_enabled=\u00bboff\u00bb][\/et_pb_contact_field][\/et_pb_contact_form][\/et_pb_column][et_pb_column type=\u00bb1_2&#8243; _builder_version=\u00bb4.16&#8243; _module_preset=\u00bbdefault\u00bb box_shadow_style=\u00bbpreset4&#8243; box_shadow_horizontal=\u00bb300px\u00bb box_shadow_vertical=\u00bb0px\u00bb box_shadow_color=\u00bb#FFFFFF\u00bb global_colors_info=\u00bb{}\u00bb][et_pb_image src=\u00bbhttps:\/\/www.ngbv.mx\/wp-content\/uploads\/2023\/02\/fondos10-scaled.jpg\u00bb align=\u00bbcenter\u00bb _builder_version=\u00bb4.25.1&#8243; _module_preset=\u00bbdefault\u00bb transform_scale_linked=\u00bboff\u00bb max_height_tablet=\u00bb300px\u00bb max_height_phone=\u00bb\u00bb max_height_last_edited=\u00bbon|tablet\u00bb custom_margin=\u00bb100px|50px|||false|false\u00bb custom_padding=\u00bb||||false|false\u00bb border_radii=\u00bbon|15px|15px|15px|15px\u00bb box_shadow_style=\u00bbpreset2&#8243; box_shadow_horizontal=\u00bb0px\u00bb box_shadow_vertical=\u00bb60px\u00bb box_shadow_blur=\u00bb60px\u00bb box_shadow_color=\u00bbrgba(0,0,0,0.15)\u00bb global_colors_info=\u00bb{}\u00bb][\/et_pb_image][\/et_pb_column][\/et_pb_row][\/et_pb_section]<\/p>\n","protected":false},"excerpt":{"rendered":"","protected":false},"author":1,"featured_media":0,"parent":0,"menu_order":0,"comment_status":"closed","ping_status":"closed","template":"","meta":{"_et_pb_use_builder":"on","_et_pb_old_content":"","_et_gb_content_width":"","footnotes":""},"class_list":["post-4526","page","type-page","status-publish","hentry"],"jetpack_sharing_enabled":true,"_links":{"self":[{"href":"https:\/\/www.ngbv.mx\/index.php\/wp-json\/wp\/v2\/pages\/4526","targetHints":{"allow":["GET"]}}],"collection":[{"href":"https:\/\/www.ngbv.mx\/index.php\/wp-json\/wp\/v2\/pages"}],"about":[{"href":"https:\/\/www.ngbv.mx\/index.php\/wp-json\/wp\/v2\/types\/page"}],"author":[{"embeddable":true,"href":"https:\/\/www.ngbv.mx\/index.php\/wp-json\/wp\/v2\/users\/1"}],"replies":[{"embeddable":true,"href":"https:\/\/www.ngbv.mx\/index.php\/wp-json\/wp\/v2\/comments?post=4526"}],"version-history":[{"count":106,"href":"https:\/\/www.ngbv.mx\/index.php\/wp-json\/wp\/v2\/pages\/4526\/revisions"}],"predecessor-version":[{"id":12118,"href":"https:\/\/www.ngbv.mx\/index.php\/wp-json\/wp\/v2\/pages\/4526\/revisions\/12118"}],"wp:attachment":[{"href":"https:\/\/www.ngbv.mx\/index.php\/wp-json\/wp\/v2\/media?parent=4526"}],"curies":[{"name":"wp","href":"https:\/\/api.w.org\/{rel}","templated":true}]}}