{"id":433,"date":"2023-02-07T06:50:33","date_gmt":"2023-02-07T00:50:33","guid":{"rendered":"https:\/\/www.ngbv.mx\/?page_id=433"},"modified":"2025-11-09T00:52:38","modified_gmt":"2025-11-08T18:52:38","slug":"canea-process","status":"publish","type":"page","link":"https:\/\/www.ngbv.mx\/index.php\/canea-process\/","title":{"rendered":"CANEA Process"},"content":{"rendered":"<p>[et_pb_section fb_built=\u00bb1&#8243; admin_label=\u00bbHeader\u00bb module_id=\u00bbqpr_software\u00bb _builder_version=\u00bb4.27.4&#8243; _module_preset=\u00bbdefault\u00bb background_color=\u00bb#FFFFFF\u00bb background_enable_image=\u00bboff\u00bb background_size=\u00bbinitial\u00bb background_blend=\u00bboverlay\u00bb width=\u00bb100%\u00bb module_alignment=\u00bbcenter\u00bb min_height=\u00bb240px\u00bb height=\u00bb240px\u00bb max_height=\u00bb240px\u00bb custom_padding=\u00bb15px||15px||false|false\u00bb animation_direction=\u00bbtop\u00bb global_colors_info=\u00bb{}\u00bb][et_pb_row column_structure=\u00bb1_5,1_5,3_5&#8243; make_equal=\u00bbon\u00bb _builder_version=\u00bb4.27.4&#8243; _module_preset=\u00bbdefault\u00bb background_enable_color=\u00bboff\u00bb width=\u00bb100%\u00bb max_width=\u00bb100%\u00bb module_alignment=\u00bbcenter\u00bb custom_margin=\u00bb||||false|false\u00bb custom_padding=\u00bb||||false|false\u00bb global_colors_info=\u00bb{}\u00bb][et_pb_column type=\u00bb1_5&#8243; _builder_version=\u00bb4.19.5&#8243; _module_preset=\u00bbdefault\u00bb global_colors_info=\u00bb{}\u00bb][\/et_pb_column][et_pb_column type=\u00bb1_5&#8243; _builder_version=\u00bb4.19.5&#8243; _module_preset=\u00bbdefault\u00bb global_colors_info=\u00bb{}\u00bb][et_pb_image src=\u00bbhttps:\/\/www.ngbv.mx\/wp-content\/uploads\/2025\/01\/CANEA20Logo20202120RGB.png\u00bb align=\u00bbcenter\u00bb _builder_version=\u00bb4.27.4&#8243; _module_preset=\u00bbdefault\u00bb custom_margin=\u00bb20px||||false|false\u00bb global_colors_info=\u00bb{}\u00bb][\/et_pb_image][\/et_pb_column][et_pb_column type=\u00bb3_5&#8243; _builder_version=\u00bb4.19.5&#8243; _module_preset=\u00bbdefault\u00bb global_colors_info=\u00bb{}\u00bb][et_pb_image src=\u00bbhttps:\/\/www.ngbv.mx\/wp-content\/uploads\/2023\/02\/CANEA-Process-logo-header.png\u00bb show_bottom_space=\u00bboff\u00bb align=\u00bbcenter\u00bb _builder_version=\u00bb4.27.4&#8243; _module_preset=\u00bbdefault\u00bb background_enable_color=\u00bboff\u00bb module_alignment=\u00bbleft\u00bb custom_margin=\u00bb||||false|false\u00bb global_colors_info=\u00bb{}\u00bb][\/et_pb_image][\/et_pb_column][\/et_pb_row][\/et_pb_section][et_pb_section fb_built=\u00bb1&#8243; admin_label=\u00bbSubheader\u00bb _builder_version=\u00bb4.27.4&#8243; _module_preset=\u00bbdefault\u00bb background_color=\u00bb#011d59&#8243; animation_direction=\u00bbtop\u00bb global_colors_info=\u00bb{}\u00bb][et_pb_row _builder_version=\u00bb4.27.4&#8243; _module_preset=\u00bbdefault\u00bb background_enable_color=\u00bboff\u00bb width=\u00bb100%\u00bb max_width=\u00bbnone\u00bb module_alignment=\u00bbcenter\u00bb custom_margin=\u00bb||15px||false|false\u00bb custom_padding=\u00bb||15px||false|false\u00bb global_colors_info=\u00bb{}\u00bb][et_pb_column type=\u00bb4_4&#8243; _builder_version=\u00bb4.19.5&#8243; _module_preset=\u00bbdefault\u00bb global_colors_info=\u00bb{}\u00bb][et_pb_text _builder_version=\u00bb4.20.0&#8243; _module_preset=\u00bbdefault\u00bb text_font=\u00bbPoppins|600|||||||\u00bb text_text_color=\u00bb#FFFFFF\u00bb text_font_size=\u00bb36px\u00bb text_orientation=\u00bbcenter\u00bb global_colors_info=\u00bb{}\u00bb]<\/p>\n<p>Mantener vivos los procesos<\/p>\n<p>[\/et_pb_text][et_pb_text _builder_version=\u00bb4.20.0&#8243; _module_preset=\u00bbdefault\u00bb text_font=\u00bbPoppins|600|||||||\u00bb text_text_color=\u00bb#FFFFFF\u00bb text_font_size=\u00bb16px\u00bb text_orientation=\u00bbjustified\u00bb custom_margin=\u00bb|25px||25px|false|true\u00bb custom_padding=\u00bb|25px||25px|false|true\u00bb global_colors_info=\u00bb{}\u00bb]<\/p>\n<p>Identificar los m\u00e9todos de trabajo y facilitar su actualizaci\u00f3n es la base para la mejora continua de los procesos.<\/p>\n<p>Vincular el todo, las estructuras y los documentos vinculados a los procesos crea una navegaci\u00f3n gr\u00e1fica que todos pueden leer e interactuar f\u00e1cilmente. La interfaz intuitiva facilita mantener el proceso vivo y relevante.<\/p>\n<p>CANEA Process es una herramienta que le permite modelar y compartir procesos comerciales en una interfaz web gr\u00e1fica f\u00e1cil de usar.<\/p>\n<p>[\/et_pb_text][\/et_pb_column][\/et_pb_row][\/et_pb_section][et_pb_section fb_built=\u00bb1&#8243; admin_label=\u00bbPuntosclave\u00bb _builder_version=\u00bb4.27.4&#8243; _module_preset=\u00bbdefault\u00bb top_divider_style=\u00bbarrow2&#8243; top_divider_color=\u00bb#011d59&#8243; top_divider_height=\u00bb70px\u00bb top_divider_flip=\u00bbhorizontal|vertical\u00bb top_divider_arrangement=\u00bbabove_content\u00bb bottom_divider_color=\u00bb#011d59&#8243; bottom_divider_height=\u00bb80px\u00bb animation_direction=\u00bbtop\u00bb global_colors_info=\u00bb{}\u00bb][et_pb_row _builder_version=\u00bb4.20.0&#8243; _module_preset=\u00bbdefault\u00bb global_colors_info=\u00bb{}\u00bb][et_pb_column type=\u00bb4_4&#8243; _builder_version=\u00bb4.20.0&#8243; _module_preset=\u00bbdefault\u00bb global_colors_info=\u00bb{}\u00bb][et_pb_text _builder_version=\u00bb4.20.0&#8243; _module_preset=\u00bbdefault\u00bb text_font=\u00bbPoppins|700|||||||\u00bb text_text_color=\u00bb#474747&#8243; text_font_size=\u00bb30px\u00bb text_orientation=\u00bbcenter\u00bb custom_margin=\u00bb||||false|false\u00bb custom_padding=\u00bb||||false|false\u00bb global_colors_info=\u00bb{}\u00bb]<\/p>\n<p>Caracter\u00edsticas<\/p>\n<p>[\/et_pb_text][et_pb_text _builder_version=\u00bb4.20.0&#8243; _module_preset=\u00bbdefault\u00bb text_font=\u00bbPoppins||||||||\u00bb text_text_color=\u00bb#474747&#8243; text_font_size=\u00bb20px\u00bb text_orientation=\u00bbjustified\u00bb custom_margin=\u00bb|||10px|false|false\u00bb custom_padding=\u00bb|||10px|false|false\u00bb global_colors_info=\u00bb{}\u00bb]<\/p>\n<p>Una soluci\u00f3n inteligente basada en web para el modelado de procesos que es perfecta para el mapeo.<\/p>\n<p>[\/et_pb_text][\/et_pb_column][\/et_pb_row][et_pb_row column_structure=\u00bb1_3,2_3&#8243; make_equal=\u00bbon\u00bb _builder_version=\u00bb4.20.0&#8243; _module_preset=\u00bbdefault\u00bb width=\u00bb100%\u00bb module_alignment=\u00bbcenter\u00bb global_colors_info=\u00bb{}\u00bb][et_pb_column type=\u00bb1_3&#8243; _builder_version=\u00bb4.20.0&#8243; _module_preset=\u00bbdefault\u00bb global_colors_info=\u00bb{}\u00bb][et_pb_accordion open_toggle_text_color=\u00bb#000000&#8243; open_toggle_background_color=\u00bb#FFFFFF\u00bb closed_toggle_text_color=\u00bb#000000&#8243; closed_toggle_background_color=\u00bb#FFFFFF\u00bb icon_color=\u00bb#072c7c\u00bb use_icon_font_size=\u00bbon\u00bb icon_font_size=\u00bb30px\u00bb module_class=\u00bbxpp-acordeon\u00bb _builder_version=\u00bb4.20.0&#8243; _module_preset=\u00bbdefault\u00bb toggle_text_color=\u00bb#000000&#8243; toggle_font=\u00bbPoppins|700|||||||\u00bb toggle_text_align=\u00bbleft\u00bb closed_toggle_font=\u00bbPoppins|700|||||||\u00bb closed_toggle_text_align=\u00bbleft\u00bb body_font=\u00bbPoppins|600|||||||\u00bb body_text_align=\u00bbjustify\u00bb body_text_color=\u00bb#000000&#8243; border_width_all=\u00bb0px\u00bb global_colors_info=\u00bb{}\u00bb][et_pb_accordion_item title=\u00bbModelado de procesos\u00bb open=\u00bbon\u00bb _builder_version=\u00bb4.20.0&#8243; _module_preset=\u00bbdefault\u00bb global_colors_info=\u00bb{}\u00bb]<\/p>\n<p><span>Cree modelos de procesos de una forma muy sencilla.\u00a0<\/span><span>Las caracter\u00edsticas para el modelado r\u00e1pido, en combinaci\u00f3n con las funciones de arrastrar y soltar, significan que puede crear modelos listos para usar con un par de clics.<\/span><\/p>\n<p>[\/et_pb_accordion_item][et_pb_accordion_item title=\u00bbUn sistema inteligente\u00bb _builder_version=\u00bb4.20.0&#8243; _module_preset=\u00bbdefault\u00bb global_colors_info=\u00bb{}\u00bb open=\u00bboff\u00bb]<\/p>\n<div class=\"aa-inner \">\n<div class=\"                   aa-columns__body                   aa-content-vertical-align--top                                      \">\n<div class=\"aa-column aa-column--text  aa-module-spacing-top--medium aa-module-spacing-bottom--medium\">\n<div class=\"aa-column__accordion\">\n<div class=\"aa-column__accordion__item aa-accordion-item \">\n<div class=\"aa-accordion-item__body ul--icons \">\n<div class=\"aa-accordion-item__text\">\n<p><span>Cree v\u00ednculos din\u00e1micos entre procesos para construir una estructura jer\u00e1rquica en la que se pueda hacer clic con un proceso principal, subprocesos y cronograma de actividades.\u00a0<\/span><span>Es f\u00e1cil vincular documentos, vistas y otra informaci\u00f3n directamente desde los modelos.<\/span><\/p>\n<\/div>\n<\/div>\n<\/div>\n<div class=\"aa-column__accordion__item aa-accordion-item \">\n<div class=\"border\">\u00a0<\/div>\n<\/div>\n<\/div>\n<\/div>\n<\/div>\n<\/div>\n<div id=\"widget_1643718076347-2-bg\" class=\"aa-column__backgrounds aa-column aa-column--image aa-bg-image aa-bg-image--outer is-active\">\n<div class=\"aa-column__inner\">\u00a0<\/div>\n<\/div>\n<p>[\/et_pb_accordion_item][et_pb_accordion_item title=\u00bbCrear una imagen completa\u00bb _builder_version=\u00bb4.20.0&#8243; _module_preset=\u00bbdefault\u00bb global_colors_info=\u00bb{}\u00bb open=\u00bboff\u00bb]<\/p>\n<p><span>El sistema muestra cada proceso y subproceso en un tablero donde los empleados obtienen una descripci\u00f3n general del proceso, los documentos y casos asociados, as\u00ed como el di\u00e1logo en curso en el flujo social.\u00a0<\/span><span>El navegador crea una estructura y facilita orientarse en la jerarqu\u00eda del proceso.<\/span><\/p>\n<p>&nbsp;<\/p>\n<p>[\/et_pb_accordion_item][et_pb_accordion_item title=\u00bbSimbolos opcionales\u00bb _builder_version=\u00bb4.20.0&#8243; _module_preset=\u00bbdefault\u00bb global_colors_info=\u00bb{}\u00bb open=\u00bboff\u00bb]<\/p>\n<p><span>Cree bibliotecas de iconos definidas por el usuario seg\u00fan sea necesario, como Value Stream Mapping o m\u00e1s modelos centrados en Lean.\u00a0<\/span><span>Administre las bibliotecas directamente desde el navegador web.\u00a0<\/span><span>Tambi\u00e9n es posible crear organigramas en los que se puede hacer clic, dise\u00f1os de f\u00e1brica u otros objetos gr\u00e1ficos seg\u00fan sea necesario.<\/span><\/p>\n<p>[\/et_pb_accordion_item][et_pb_accordion_item title=\u00bbSoporte BPMN\u00bb _builder_version=\u00bb4.20.0&#8243; _module_preset=\u00bbdefault\u00bb global_colors_info=\u00bb{}\u00bb open=\u00bboff\u00bb]<\/p>\n<p><span>BPMN es un sistema de notaci\u00f3n internacional de OMG para la descripci\u00f3n gr\u00e1fica de diferentes etapas, secuencias e informaci\u00f3n en un proceso.\u00a0<\/span><span>CANEA Process tiene soporte incorporado para s\u00edmbolos y l\u00f3gica como se describe en esta notaci\u00f3n.<\/span><\/p>\n<p>&nbsp;<\/p>\n<p>[\/et_pb_accordion_item][et_pb_accordion_item title=\u00bbExportaci\u00f3n de procesos\u00bb _builder_version=\u00bb4.20.0&#8243; _module_preset=\u00bbdefault\u00bb global_colors_info=\u00bb{}\u00bb open=\u00bboff\u00bb]<\/p>\n<div class=\"aa-inner \">\n<div class=\"                   aa-columns__body                   aa-content-vertical-align--top                                      \">\n<div class=\"aa-column aa-column--text  aa-module-spacing-top--medium aa-module-spacing-bottom--medium\">\n<div class=\"aa-column__accordion\">\n<div class=\"aa-column__accordion__item aa-accordion-item \">\n<div class=\"aa-accordion-item__body ul--icons \">\n<div class=\"aa-accordion-item__text\">\n<p><span>Exportar modelos de procesos desde el sistema.\u00a0<\/span><span>CANEA Process tiene funciones para exportar a diferentes formatos de imagen y XML para importar a otros sistemas.<\/span><\/p>\n<\/div>\n<\/div>\n<\/div>\n<\/div>\n<\/div>\n<\/div>\n<\/div>\n<p>[\/et_pb_accordion_item][\/et_pb_accordion][et_pb_code _builder_version=\u00bb4.20.0&#8243; _module_preset=\u00bbdefault\u00bb global_colors_info=\u00bb{}\u00bb]<script><!-- [et_pb_line_break_holder] -->jQuery(document).ready(function($){<!-- [et_pb_line_break_holder] -->\t$('.xpp-acordeon .et_pb_accordion_item_0 .et_pb_toggle_title').on({<!-- [et_pb_line_break_holder] -->     'click': function(){<!-- [et_pb_line_break_holder] -->         $('#cambiarIMG img').attr('src','https:\/\/www.ngbv.mx\/wp-content\/uploads\/2023\/02\/process1.png');<!-- [et_pb_line_break_holder] -->       \t $('#cambiarIMG img').attr('srcset','https:\/\/www.ngbv.mx\/wp-content\/uploads\/2023\/02\/process1.png');<!-- [et_pb_line_break_holder] -->     }<!-- [et_pb_line_break_holder] --> \t});<!-- [et_pb_line_break_holder] -->  <!-- [et_pb_line_break_holder] -->  $('.xpp-acordeon .et_pb_accordion_item_1 .et_pb_toggle_title').on({<!-- [et_pb_line_break_holder] -->     'click': function(){<!-- [et_pb_line_break_holder] -->         $('#cambiarIMG img').attr('src','https:\/\/www.ngbv.mx\/wp-content\/uploads\/2023\/02\/process2.png');<!-- [et_pb_line_break_holder] -->       \t $('#cambiarIMG img').attr('srcset','https:\/\/www.ngbv.mx\/wp-content\/uploads\/2023\/02\/process2.png');<!-- [et_pb_line_break_holder] -->     }<!-- [et_pb_line_break_holder] --> \t});<!-- [et_pb_line_break_holder] -->  <!-- [et_pb_line_break_holder] -->  $('.xpp-acordeon .et_pb_accordion_item_2 .et_pb_toggle_title').on({<!-- [et_pb_line_break_holder] -->     'click': function(){<!-- [et_pb_line_break_holder] -->         $('#cambiarIMG img').attr('src','https:\/\/www.ngbv.mx\/wp-content\/uploads\/2023\/02\/process3.png');<!-- [et_pb_line_break_holder] -->       \t $('#cambiarIMG img').attr('srcset','https:\/\/www.ngbv.mx\/wp-content\/uploads\/2023\/02\/process3.png');<!-- [et_pb_line_break_holder] -->     }<!-- [et_pb_line_break_holder] --> \t});<!-- [et_pb_line_break_holder] -->  <!-- [et_pb_line_break_holder] -->  $('.xpp-acordeon .et_pb_accordion_item_3 .et_pb_toggle_title').on({<!-- [et_pb_line_break_holder] -->     'click': function(){<!-- [et_pb_line_break_holder] -->         $('#cambiarIMG img').attr('src','https:\/\/www.ngbv.mx\/wp-content\/uploads\/2023\/02\/process4.png');<!-- [et_pb_line_break_holder] -->       \t $('#cambiarIMG img').attr('srcset','https:\/\/www.ngbv.mx\/wp-content\/uploads\/2023\/02\/process4.png');<!-- [et_pb_line_break_holder] -->     }<!-- [et_pb_line_break_holder] --> \t});<!-- [et_pb_line_break_holder] -->  <!-- [et_pb_line_break_holder] --> <!-- [et_pb_line_break_holder] -->  $('.xpp-acordeon .et_pb_accordion_item_4 .et_pb_toggle_title').on({<!-- [et_pb_line_break_holder] -->     'click': function(){<!-- [et_pb_line_break_holder] -->         $('#cambiarIMG img').attr('src','https:\/\/www.ngbv.mx\/wp-content\/uploads\/2023\/02\/process5.png');<!-- [et_pb_line_break_holder] -->       \t $('#cambiarIMG img').attr('srcset','https:\/\/www.ngbv.mx\/wp-content\/uploads\/2023\/02\/process5.png');<!-- [et_pb_line_break_holder] -->     }<!-- [et_pb_line_break_holder] --> \t});<!-- [et_pb_line_break_holder] -->  <!-- [et_pb_line_break_holder] -->  $('.xpp-acordeon .et_pb_accordion_item_5 .et_pb_toggle_title').on({<!-- [et_pb_line_break_holder] -->     'click': function(){<!-- [et_pb_line_break_holder] -->         $('#cambiarIMG img').attr('src','https:\/\/www.ngbv.mx\/wp-content\/uploads\/2023\/02\/process6.png');<!-- [et_pb_line_break_holder] -->       \t $('#cambiarIMG img').attr('srcset','https:\/\/www.ngbv.mx\/wp-content\/uploads\/2023\/02\/process6.png');<!-- [et_pb_line_break_holder] -->     }<!-- [et_pb_line_break_holder] --> \t});<!-- [et_pb_line_break_holder] -->  <!-- [et_pb_line_break_holder] -->  <!-- [et_pb_line_break_holder] -->});<!-- [et_pb_line_break_holder] --><\/script>[\/et_pb_code][\/et_pb_column][et_pb_column type=\u00bb2_3&#8243; _builder_version=\u00bb4.20.0&#8243; _module_preset=\u00bbdefault\u00bb background_color=\u00bbrgba(1,29,89,0.48)\u00bb background_image=\u00bbhttps:\/\/www.ngbv.mx\/wp-content\/uploads\/2023\/02\/it-losningar-dokumenthantering-pattern.jpeg\u00bb background_blend=\u00bboverlay\u00bb transform_scale_linked=\u00bboff\u00bb custom_padding=\u00bb||||false|false\u00bb global_colors_info=\u00bb{}\u00bb][et_pb_image src=\u00bbhttps:\/\/www.ngbv.mx\/wp-content\/uploads\/2023\/02\/process1.png\u00bb align=\u00bbcenter\u00bb module_id=\u00bbcambiarIMG\u00bb _builder_version=\u00bb4.20.4&#8243; _module_preset=\u00bbdefault\u00bb background_enable_image=\u00bboff\u00bb width=\u00bb100%\u00bb module_alignment=\u00bbcenter\u00bb min_height=\u00bb400px\u00bb height=\u00bb400px\u00bb max_height=\u00bb400px\u00bb custom_margin=\u00bb20px|||-80px|false|false\u00bb custom_padding=\u00bb|||0px|false|false\u00bb border_radii=\u00bbon|25px|25px|25px|25px\u00bb border_color_all=\u00bbRGBA(255,255,255,0)\u00bb global_colors_info=\u00bb{}\u00bb][\/et_pb_image][\/et_pb_column][\/et_pb_row][\/et_pb_section][et_pb_section fb_built=\u00bb1&#8243; admin_label=\u00bbAgenda\u00bb _builder_version=\u00bb4.27.4&#8243; _module_preset=\u00bbdefault\u00bb global_colors_info=\u00bb{}\u00bb][et_pb_row _builder_version=\u00bb4.19.5&#8243; _module_preset=\u00bbdefault\u00bb global_colors_info=\u00bb{}\u00bb][et_pb_column type=\u00bb4_4&#8243; _builder_version=\u00bb4.19.5&#8243; _module_preset=\u00bbdefault\u00bb global_colors_info=\u00bb{}\u00bb][et_pb_button button_url=\u00bb@ET-DC@eyJkeW5hbWljIjp0cnVlLCJjb250ZW50IjoicG9zdF9saW5rX3VybF9wYWdlIiwic2V0dGluZ3MiOnsicG9zdF9pZCI6IjEyMjE0In19@\u00bb button_text=\u00bbAgendar una demostraci\u00f3n\u00bb button_alignment=\u00bbleft\u00bb _builder_version=\u00bb4.27.4&#8243; _dynamic_attributes=\u00bbbutton_url\u00bb _module_preset=\u00bbdefault\u00bb custom_button=\u00bbon\u00bb button_text_color=\u00bb#FFFFFF\u00bb button_bg_color=\u00bb#0C71C3&#8243; button_border_color=\u00bbRGBA(255,255,255,0)\u00bb button_border_radius=\u00bb25px\u00bb button_font=\u00bbMontserrat|||on|||||\u00bb button_icon=\u00bb&#xf073;||fa||400&#8243; button_icon_color=\u00bb#FFFFFF\u00bb button_icon_placement=\u00bbleft\u00bb button_on_hover=\u00bboff\u00bb background_layout=\u00bbdark\u00bb locked=\u00bboff\u00bb global_colors_info=\u00bb{}\u00bb][\/et_pb_button][\/et_pb_column][\/et_pb_row][\/et_pb_section]<\/p>\n","protected":false},"excerpt":{"rendered":"<p>Mantener vivos los procesosIdentificar los m\u00e9todos de trabajo y facilitar su actualizaci\u00f3n es la base para la mejora continua de los procesos. Vincular el todo, las estructuras y los documentos vinculados a los procesos crea una navegaci\u00f3n gr\u00e1fica que todos pueden leer e interactuar f\u00e1cilmente. La interfaz intuitiva facilita mantener el proceso vivo y relevante. [&hellip;]<\/p>\n","protected":false},"author":1,"featured_media":0,"parent":0,"menu_order":0,"comment_status":"closed","ping_status":"closed","template":"","meta":{"_et_pb_use_builder":"on","_et_pb_old_content":"","_et_gb_content_width":"","footnotes":""},"class_list":["post-433","page","type-page","status-publish","hentry"],"jetpack_sharing_enabled":true,"_links":{"self":[{"href":"https:\/\/www.ngbv.mx\/index.php\/wp-json\/wp\/v2\/pages\/433","targetHints":{"allow":["GET"]}}],"collection":[{"href":"https:\/\/www.ngbv.mx\/index.php\/wp-json\/wp\/v2\/pages"}],"about":[{"href":"https:\/\/www.ngbv.mx\/index.php\/wp-json\/wp\/v2\/types\/page"}],"author":[{"embeddable":true,"href":"https:\/\/www.ngbv.mx\/index.php\/wp-json\/wp\/v2\/users\/1"}],"replies":[{"embeddable":true,"href":"https:\/\/www.ngbv.mx\/index.php\/wp-json\/wp\/v2\/comments?post=433"}],"version-history":[{"count":44,"href":"https:\/\/www.ngbv.mx\/index.php\/wp-json\/wp\/v2\/pages\/433\/revisions"}],"predecessor-version":[{"id":13711,"href":"https:\/\/www.ngbv.mx\/index.php\/wp-json\/wp\/v2\/pages\/433\/revisions\/13711"}],"wp:attachment":[{"href":"https:\/\/www.ngbv.mx\/index.php\/wp-json\/wp\/v2\/media?parent=433"}],"curies":[{"name":"wp","href":"https:\/\/api.w.org\/{rel}","templated":true}]}}