{"id":131,"date":"2023-02-06T22:58:54","date_gmt":"2023-02-06T16:58:54","guid":{"rendered":"https:\/\/www.ngbv.mx\/?page_id=131"},"modified":"2025-02-10T14:22:16","modified_gmt":"2025-02-10T08:22:16","slug":"quienes-somos","status":"publish","type":"page","link":"https:\/\/www.ngbv.mx\/index.php\/quienes-somos\/","title":{"rendered":"\u00bfQui\u00e9nes somos?"},"content":{"rendered":"<p>[et_pb_section fb_built=\u00bb1&#8243; admin_label=\u00bbHeader\u00bb _builder_version=\u00bb4.27.4&#8243; background_color=\u00bbrgba(0,69,122,0.77)\u00bb background_image=\u00bbhttps:\/\/www.ngbv.mx\/wp-content\/uploads\/2025\/01\/edificio3.jpg\u00bb background_blend=\u00bboverlay\u00bb collapsed=\u00bbon\u00bb global_colors_info=\u00bb{}\u00bb][et_pb_row admin_label=\u00bbfHeader\u00bb _builder_version=\u00bb4.27.4&#8243; background_color=\u00bbRGBA(255,255,255,0)\u00bb background_size=\u00bbinitial\u00bb background_position=\u00bbtop_left\u00bb background_repeat=\u00bbrepeat\u00bb width=\u00bb100%\u00bb max_width=\u00bbnone\u00bb module_alignment=\u00bbcenter\u00bb global_colors_info=\u00bb{}\u00bb][et_pb_column type=\u00bb4_4&#8243; _builder_version=\u00bb4.16&#8243; custom_padding=\u00bb|||\u00bb global_colors_info=\u00bb{}\u00bb custom_padding__hover=\u00bb|||\u00bb][et_pb_text admin_label=\u00bbtxtHeader\u00bb _builder_version=\u00bb4.27.4&#8243; _module_preset=\u00bbdefault\u00bb text_font=\u00bbPoppins|900|||||||\u00bb text_font_size=\u00bb20px\u00bb background_color=\u00bbRGBA(255,255,255,0)\u00bb text_orientation=\u00bbcenter\u00bb background_layout=\u00bbdark\u00bb custom_margin=\u00bb|15px||15px|false|false\u00bb custom_padding=\u00bb|15px||15px|false|false\u00bb global_colors_info=\u00bb{}\u00bb]<\/p>\n<p><strong>NG BUSINESS VALUE<\/strong><\/p>\n<p>[\/et_pb_text][\/et_pb_column][\/et_pb_row][\/et_pb_section][et_pb_section fb_built=\u00bb1&#8243; admin_label=\u00bbsSubHeader\u00bb _builder_version=\u00bb4.27.4&#8243; background_color=\u00bb#0C71C3&#8243; background_enable_image=\u00bboff\u00bb background_blend=\u00bboverlay\u00bb collapsed=\u00bbon\u00bb global_colors_info=\u00bb{}\u00bb][et_pb_row admin_label=\u00bbfSubHeader\u00bb _builder_version=\u00bb4.27.4&#8243; background_color=\u00bbRGBA(255,255,255,0)\u00bb background_size=\u00bbinitial\u00bb background_position=\u00bbtop_left\u00bb background_repeat=\u00bbrepeat\u00bb width=\u00bb100%\u00bb max_width=\u00bbnone\u00bb module_alignment=\u00bbcenter\u00bb global_colors_info=\u00bb{}\u00bb][et_pb_column type=\u00bb4_4&#8243; _builder_version=\u00bb4.16&#8243; custom_padding=\u00bb|||\u00bb global_colors_info=\u00bb{}\u00bb custom_padding__hover=\u00bb|||\u00bb][et_pb_text admin_label=\u00bbtxtSubHeader1&#8243; _builder_version=\u00bb4.27.4&#8243; _module_preset=\u00bbdefault\u00bb text_font=\u00bbPoppins|600|||||||\u00bb text_text_color=\u00bb#ffffff\u00bb text_font_size=\u00bb18px\u00bb background_color=\u00bbRGBA(255,255,255,0)\u00bb text_orientation=\u00bbjustified\u00bb custom_margin=\u00bb|15px||15px|false|false\u00bb custom_padding=\u00bb|15px||15px|false|false\u00bb global_colors_info=\u00bb{}\u00bb]<\/p>\n<p><strong>NG BUSINESS VALUE<\/strong> es una empresa con alta experiencia en la implementacio\u0301n exitosa de proyectos entregando servicios de consultor\u00eda de gesti\u00f3n, software y capacitaci\u00f3n ejecutiva, tanto en el sector pu\u0301blico como privado. En unio\u0301n con nuestros socios estrate\u0301gicos proporcionamos las mejores soluciones del mercado.<\/p>\n<p>[\/et_pb_text][et_pb_text admin_label=\u00bbtxtSubHeader2&#8243; _builder_version=\u00bb4.27.4&#8243; text_font=\u00bbPoppins|500|||||||\u00bb text_font_size=\u00bb16px\u00bb background_color=\u00bbRGBA(255,255,255,0)\u00bb background_size=\u00bbinitial\u00bb background_position=\u00bbtop_left\u00bb background_repeat=\u00bbrepeat\u00bb text_orientation=\u00bbjustified\u00bb background_layout=\u00bbdark\u00bb custom_margin=\u00bb|15px||15px|false|false\u00bb custom_padding=\u00bb|15px||15px|false|false\u00bb global_colors_info=\u00bb{}\u00bb]<\/p>\n<div class=\"page\" title=\"Page 3\">\n<div class=\"layoutArea\">\n<div class=\"column\">\n<p style=\"text-align: justify;\">Nuestro Modelo de Gestio\u0301n esta basado en las mejores pra\u0301cticas de reconocimiento internacional, implementadas en empresas de clase mundial, centrando la Ejecucio\u0301n de la estrategia como base de la sostenibilidad, generadora de valor, impulsando la Excelencia operacional, sinergizando con las diferentes disciplinas de medicio\u0301n del desempen\u0303o. Logramos implementaciones altamente rentables.<\/p>\n<\/div>\n<\/div>\n<\/div>\n<p>[\/et_pb_text][\/et_pb_column][\/et_pb_row][\/et_pb_section][et_pb_section fb_built=\u00bb1&#8243; admin_label=\u00bbsBody\u00bb _builder_version=\u00bb4.27.4&#8243; _module_preset=\u00bbdefault\u00bb background_color=\u00bbrgba(0,69,122,0.77)\u00bb use_background_color_gradient=\u00bbon\u00bb background_color_gradient_stops=\u00bb#0c71c3 0%|rgba(0,69,122,0.77) 100%\u00bb collapsed=\u00bboff\u00bb global_colors_info=\u00bb{}\u00bb][et_pb_row column_structure=\u00bb1_2,1_2&#8243; _builder_version=\u00bb4.19.5&#8243; _module_preset=\u00bbdefault\u00bb background_color=\u00bbRGBA(255,255,255,0)\u00bb background_size=\u00bbinitial\u00bb background_position=\u00bbtop_left\u00bb background_repeat=\u00bbrepeat\u00bb width=\u00bb100%\u00bb max_width=\u00bbnone\u00bb module_alignment=\u00bbcenter\u00bb custom_margin=\u00bb||||false|false\u00bb custom_padding=\u00bb||||false|false\u00bb global_colors_info=\u00bb{}\u00bb][et_pb_column type=\u00bb1_2&#8243; _builder_version=\u00bb4.19.5&#8243; _module_preset=\u00bbdefault\u00bb custom_padding=\u00bb||||false|false\u00bb global_colors_info=\u00bb{}\u00bb][et_pb_text _builder_version=\u00bb4.19.5&#8243; _module_preset=\u00bbdefault\u00bb text_font=\u00bbNoto Sans Adlam|600|||||||\u00bb text_text_color=\u00bb#FFFFFF\u00bb text_font_size=\u00bb28px\u00bb background_color=\u00bbRGBA(255,255,255,0)\u00bb background_layout=\u00bbdark\u00bb custom_padding=\u00bb|10px||10px|false|false\u00bb border_color_all=\u00bbRGBA(255,255,255,0)\u00bb global_colors_info=\u00bb{}\u00bb]<\/p>\n<p>FILOSOF\u00cdA<\/p>\n<p>[\/et_pb_text][et_pb_tabs active_tab_background_color=\u00bbRGBA(255,255,255,0)\u00bb inactive_tab_background_color=\u00bbRGBA(255,255,255,0)\u00bb active_tab_text_color=\u00bbrgba(0,0,0,0.66)\u00bb _builder_version=\u00bb4.19.5&#8243; _module_preset=\u00bbdefault\u00bb tab_text_color=\u00bb#000000&#8243; body_font=\u00bbMontserrat|500|||||||\u00bb body_text_align=\u00bbjustify\u00bb body_text_color=\u00bb#ffffff\u00bb body_font_size=\u00bb18px\u00bb tab_font=\u00bbMontserrat|600|||||||\u00bb background_color=\u00bbRGBA(255,255,255,0)\u00bb background_enable_image=\u00bboff\u00bb width=\u00bb90%\u00bb module_alignment=\u00bbcenter\u00bb custom_margin=\u00bb|10px||10px|false|false\u00bb custom_padding=\u00bb|10px||10px|false|false\u00bb border_radii=\u00bbon|25px|25px|25px|25px\u00bb border_color_all=\u00bbRGBA(255,255,255,0)\u00bb global_colors_info=\u00bb{}\u00bb][et_pb_tab title=\u00bbMISION\u00bb _builder_version=\u00bb4.19.5&#8243; _module_preset=\u00bbdefault\u00bb background_color=\u00bbRGBA(255,255,255,0)\u00bb background_enable_color=\u00bbon\u00bb background_enable_image=\u00bboff\u00bb global_colors_info=\u00bb{}\u00bb]<\/p>\n<p>Generar alto valor para tu organizaci\u00f3n, a trav\u00e9s de implementaciones exitosas, transferencia del conocimiento, y sinergias permanentes, generadas durante la ejecuci\u00f3n de nuestros servicios.<\/p>\n<p>[\/et_pb_tab][et_pb_tab title=\u00bbVISION\u00bb _builder_version=\u00bb4.19.5&#8243; _module_preset=\u00bbdefault\u00bb background_color=\u00bbRGBA(255,255,255,0)\u00bb background_enable_color=\u00bbon\u00bb global_colors_info=\u00bb{}\u00bb]<\/p>\n<p>En el a\u00f1o 2026, haber contrbuido con el Desarrollo del Modelo Operacional de tres empresas grandes del sector privado, el Fortalecimiento institucional de tres municipios de m\u00e9xico, y consolidar la jornada de transformaci\u00f3n\u00a0 de tres organizaciones p\u00fablicas de los niveles estatal y federal.<\/p>\n<p>[\/et_pb_tab][et_pb_tab title=\u00bbVALORES\u00bb _builder_version=\u00bb4.19.5&#8243; _module_preset=\u00bbdefault\u00bb global_colors_info=\u00bb{}\u00bb]<\/p>\n<ul>\n<li>Honestidad<\/li>\n<li>Rendici\u00f3n de Cuentas<\/li>\n<li>Trabajo en equipo<\/li>\n<li>Aprendizaje Continuo<\/li>\n<\/ul>\n<p>[\/et_pb_tab][\/et_pb_tabs][\/et_pb_column][et_pb_column type=\u00bb1_2&#8243; _builder_version=\u00bb4.19.5&#8243; _module_preset=\u00bbdefault\u00bb custom_padding=\u00bb||||false|false\u00bb global_colors_info=\u00bb{}\u00bb][et_pb_text admin_label=\u00bbTexto\u00bb _builder_version=\u00bb4.19.5&#8243; _module_preset=\u00bbdefault\u00bb text_font=\u00bbNoto Sans Adlam|600|||||||\u00bb text_text_color=\u00bbRGBA(255,255,255,0)\u00bb text_font_size=\u00bb20px\u00bb text_orientation=\u00bbcenter\u00bb global_colors_info=\u00bb{}\u00bb]<\/p>\n<p>UBICACION<\/p>\n<p>[\/et_pb_text][et_pb_tabs active_tab_background_color=\u00bbRGBA(255,255,255,0)\u00bb inactive_tab_background_color=\u00bbRGBA(255,255,255,0)\u00bb active_tab_text_color=\u00bbrgba(0,0,0,0.66)\u00bb _builder_version=\u00bb4.23.1&#8243; _module_preset=\u00bbdefault\u00bb tab_text_color=\u00bb#000000&#8243; body_font=\u00bbMontserrat|500|||||||\u00bb body_text_align=\u00bbjustify\u00bb body_text_color=\u00bb#ffffff\u00bb body_font_size=\u00bb18px\u00bb tab_font=\u00bbMontserrat|600|||||||\u00bb background_color=\u00bbRGBA(255,255,255,0)\u00bb background_enable_image=\u00bboff\u00bb width=\u00bb90%\u00bb module_alignment=\u00bbcenter\u00bb custom_margin=\u00bb|10px||10px|false|false\u00bb custom_padding=\u00bb|10px||10px|false|false\u00bb border_radii=\u00bbon|25px|25px|25px|25px\u00bb border_color_all=\u00bbRGBA(255,255,255,0)\u00bb global_colors_info=\u00bb{}\u00bb][et_pb_tab title=\u00bbSEDE\u00bb _builder_version=\u00bb4.19.5&#8243; _module_preset=\u00bbdefault\u00bb global_colors_info=\u00bb{}\u00bb]<\/p>\n<p>Nos ubicamos en el municipio de San Pedro Garza Garc\u00eda, Nuevo Le\u00f3n, y a trav\u00e9s de nuestros aliados contamos con presencia en las ciudades de Hermosillo, Quer\u00e9taro, Ciudad de M\u00e9xico, y Tuxtla Guti\u00e9rrez.<\/p>\n<p>[\/et_pb_tab][et_pb_tab title=\u00bbDATOS DE CONTACTO\u00bb _builder_version=\u00bb4.23.1&#8243; _module_preset=\u00bbdefault\u00bb global_colors_info=\u00bb{}\u00bb]<\/p>\n<p><strong>Torres IOS Campestre<\/strong><\/p>\n<p>Av. Ricardo Margain 575. Col. Santa Engracia<\/p>\n<p>San Pedro Garza Garc\u00eda, Nuevo Le\u00f3n, C.P. 66267<\/p>\n<p>info@ngbv.mx<\/p>\n<p>&nbsp;<\/p>\n<p>[\/et_pb_tab][\/et_pb_tabs][\/et_pb_column][\/et_pb_row][\/et_pb_section][et_pb_section fb_built=\u00bb1&#8243; admin_label=\u00bbFooter\u00bb _builder_version=\u00bb4.19.5&#8243; _module_preset=\u00bbdefault\u00bb collapsed=\u00bbon\u00bb global_colors_info=\u00bb{}\u00bb][et_pb_row _builder_version=\u00bb4.19.5&#8243; _module_preset=\u00bbdefault\u00bb global_colors_info=\u00bb{}\u00bb][et_pb_column type=\u00bb4_4&#8243; _builder_version=\u00bb4.19.5&#8243; _module_preset=\u00bbdefault\u00bb global_colors_info=\u00bb{}\u00bb][et_pb_button button_text=\u00bbPonte en contacto con nosotros\u00bb button_alignment=\u00bbleft\u00bb _builder_version=\u00bb4.19.5&#8243; _module_preset=\u00bbdefault\u00bb custom_button=\u00bbon\u00bb button_text_size=\u00bb20px\u00bb button_text_color=\u00bb#FFFFFF\u00bb button_bg_color=\u00bb#0C71C3&#8243; button_border_width=\u00bb0px\u00bb button_border_color=\u00bb#0C71C3&#8243; button_border_radius=\u00bb15px\u00bb button_font=\u00bbOswald||||||||\u00bb button_icon=\u00bb&#xf2bb;||fa||400&#8243; button_icon_color=\u00bb#FFFFFF\u00bb button_icon_placement=\u00bbleft\u00bb button_on_hover=\u00bboff\u00bb background_layout=\u00bbdark\u00bb global_colors_info=\u00bb{}\u00bb][\/et_pb_button][\/et_pb_column][\/et_pb_row][\/et_pb_section]<\/p>\n","protected":false},"excerpt":{"rendered":"<p>NG BUSINESS VALUENG BUSINESS VALUE es una empresa con alta experiencia en la implementacio\u0301n exitosa de proyectos entregando servicios de consultor\u00eda de gesti\u00f3n, software y capacitaci\u00f3n ejecutiva, tanto en el sector pu\u0301blico como privado. En unio\u0301n con nuestros socios estrate\u0301gicos proporcionamos las mejores soluciones del mercado. Nuestro Modelo de Gestio\u0301n esta basado en las mejores [&hellip;]<\/p>\n","protected":false},"author":1,"featured_media":0,"parent":0,"menu_order":0,"comment_status":"closed","ping_status":"closed","template":"","meta":{"_et_pb_use_builder":"on","_et_pb_old_content":"<div class=\"page\" title=\"Page 3\"><div class=\"layoutArea\"><div class=\"column\"><p style=\"text-align: justify;\"><strong>NG BUSINESS VALUE<\/strong> es una empresa con alta experiencia en la implementacio\u0301n exitosa de proyectos entregando servicios de consultor\u00eda de gesti\u00f3n, software y capacitaci\u00f3n ejecutiva, tanto en el sector pu\u0301blico como privado. En unio\u0301n con nuestros socios estrate\u0301gicos proporcionamos las mejores soluciones del mercado.<\/p><p style=\"text-align: justify;\">Nuestro Modelo de Gestio\u0301n esta basado en las mejores pra\u0301cticas de reconocimiento internacional, implementadas en empresas de clase mundial, centrando la Ejecucio\u0301n de la estrategia como base de la sostenibilidad, generadora de valor, impulsando la Excelencia operacional, sinergizando con las diferentes disciplinas de medicio\u0301n del desempen\u0303. Logramos implementaciones altamente rentables.<\/p><\/div><\/div><\/div><hr \/><p>[one_third]<\/p><h1>Filosof\u00eda<\/h1><p>[tabs slidertype=\"top tabs\"] [tabcontainer] [tabtext] <strong>Misi\u00f3n<\/strong> [\/tabtext] [tabtext] <strong>Visi\u00f3n<\/strong> [\/tabtext] [tabtext]<strong>Valores<\/strong>[\/tabtext][\/tabcontainer] [tabcontent] [tab]<\/p><p>Generar alto valor para tu organizaci\u00f3n, a trav\u00e9s de implementaciones exitosas, transferencia del conocimiento, y sinergias permanentes, generadas durante la ejecuci\u00f3n de nuestros servicios.<\/p><p style=\"text-align: justify;\"><span style=\"font-family: -apple-system, BlinkMacSystemFont, 'Segoe UI', Roboto, Oxygen-Sans, Ubuntu, Cantarell, 'Helvetica Neue', sans-serif;\"> [\/tab] [tab]<\/span><\/p><p style=\"text-align: justify;\">En el a\u00f1o 2026, haber contrbuido con el Desarrollo del Modelo Operacional de tres empresas grandes del sector privado, el Fortalecimiento institucional de tres municipios de m\u00e9xico, y consolidar la jornada de transformaci\u00f3n\u00a0 de tres organizaciones p\u00fablicas de los niveles estatal y federal.<\/p><p>[\/tab][tab]<\/p><ul><li>Honestidad<\/li><li>Rendici\u00f3n de Cuentas<\/li><li>Trabajo en equipo<\/li><li>Aprendizaje Continuo[\/tab][\/tabcontent] [\/tabs]<\/li><\/ul><p><img class=\"aligncenter wp-image-4363 size-full\" src=\"http:\/\/192.168.10.34\/wp-content\/uploads\/2022\/08\/LogoMarcaGUTIBANURI.png\" alt=\"\" width=\"167\" height=\"65\" \/><\/p><p>[\/one_third]<\/p><p>[two_third_last]<\/p><h1>Ubicaci\u00f3n<\/h1><p style=\"text-align: justify;\">Nuestras sede se encuentra ubicada en el municipio de San Pedro Garza Garc\u00eda, Nuevo Le\u00f3n, y a trav\u00e9s de nuestros aliados contamos con presencia en las ciudades de Hermosillo, Quer\u00e9taro, Ciudad de M\u00e9xico, y Tuxtla Guti\u00e9rrez. [tabs slidertype=\"simple\"] [tab]<\/p><p><span style=\"font-family: -apple-system, system-ui, Segoe UI, Roboto, Oxygen-Sans, Ubuntu, Cantarell, Helvetica Neue, sans-serif;\"><b>TORRES IOS CAMPESTRE<\/b><\/span><\/p><p>Av. Ricardo Margain 575, San Pedro Garza Garcia, Nuevo Leo\u0301n<\/p><p>info@ngbv.mx<\/p><div class=\"page\" title=\"Page 3\"><div class=\"layoutArea\"><div class=\"column\"><p>Tel: +52 (81) 12537124<\/p><\/div><\/div><\/div><p>[\/tab] [\/tabs]<\/p><p>[\/two_third_last]<\/p>","_et_gb_content_width":"","footnotes":""},"class_list":["post-131","page","type-page","status-publish","hentry"],"jetpack_sharing_enabled":true,"_links":{"self":[{"href":"https:\/\/www.ngbv.mx\/index.php\/wp-json\/wp\/v2\/pages\/131","targetHints":{"allow":["GET"]}}],"collection":[{"href":"https:\/\/www.ngbv.mx\/index.php\/wp-json\/wp\/v2\/pages"}],"about":[{"href":"https:\/\/www.ngbv.mx\/index.php\/wp-json\/wp\/v2\/types\/page"}],"author":[{"embeddable":true,"href":"https:\/\/www.ngbv.mx\/index.php\/wp-json\/wp\/v2\/users\/1"}],"replies":[{"embeddable":true,"href":"https:\/\/www.ngbv.mx\/index.php\/wp-json\/wp\/v2\/comments?post=131"}],"version-history":[{"count":159,"href":"https:\/\/www.ngbv.mx\/index.php\/wp-json\/wp\/v2\/pages\/131\/revisions"}],"predecessor-version":[{"id":11809,"href":"https:\/\/www.ngbv.mx\/index.php\/wp-json\/wp\/v2\/pages\/131\/revisions\/11809"}],"wp:attachment":[{"href":"https:\/\/www.ngbv.mx\/index.php\/wp-json\/wp\/v2\/media?parent=131"}],"curies":[{"name":"wp","href":"https:\/\/api.w.org\/{rel}","templated":true}]}}